{"id":13223,"date":"2023-08-17T13:37:26","date_gmt":"2023-08-17T11:37:26","guid":{"rendered":"https:\/\/weingut-scholl.de\/catalog\/?product=praesentkarton-3-er-inklusive-versandkarton-und-grusskarte"},"modified":"2026-03-18T19:36:08","modified_gmt":"2026-03-18T18:36:08","slug":"praesentkarton-3-er-inklusive-versandkarton-und-grusskarte","status":"publish","type":"product","link":"https:\/\/weingut-scholl.de\/catalog\/?product=praesentkarton-3-er-inklusive-versandkarton-und-grusskarte","title":{"rendered":"<br>Pr\u00e4sentkarton 3 er inklusive Versandkarton und Gru\u00dfkarte<br>"},"content":{"rendered":"\n<div align=\"left\"><font size=\"1\">Pr\u00e4sentkarton 3 er inklusive Versandkarton und Gru\u00dfkarte<\/p>\n<p>        <font color=\"#666666\"><!-- IBGHTML --><strong><font size=\"4\">Pr\u00e4sentverpackung f\u00fcr 3 Flaschen Wein, f\u00fcr die anspruchsvolle, sch\u00f6ne Gestaltung eines Weinpr\u00e4sentes<\/font><\/strong><\/font><\/p>\n<p><\/font><\/div>\n<table WIDTH=\"60%\" BORDER=\"0\" align=\"left\" CELLPADDING=\"0\" CELLSPACING=\"0\"><\/p>\n<tr><\/p>\n<td width=\"53%\"><font size=\"-1\">Artikelnummer:<\/font><\/td>\n<td width=\"47%\"><font size=\"-1\"><strong>2625<\/strong><\/font><\/td>\n<p><\/tr>\n<tr><\/p>\n<td><font size=\"-1\">Inhalt<\/font><\/td>\n<td><font size=\"-1\"><strong><\/strong><\/font><\/td>\n<p><\/tr>\n<tr ALIGN=\"LEFT\"><\/p>\n<td><font size=\"-1\">Preis\/Ltr.<\/font><\/td>\n<td><font size=\"-1\"><strong><\/strong><\/font><\/td>\n<p><\/tr>\n<tr><\/p>\n<td><font size=\"-1\">Weinart:<\/font><\/td>\n<td><font size=\"-1\"><strong><\/strong><\/font><\/td>\n<p><\/tr>\n<tr><\/p>\n<td><font size=\"-1\">Qualit&auml;tsstufe<\/font><\/td>\n<td><font size=\"-1\"><strong><\/strong><\/font><\/td>\n<p><\/tr>\n<tr><\/p>\n<td><font size=\"-1\">Rebsorte<\/font><\/td>\n<td><font size=\"-1\"><strong><\/strong><\/font><\/td>\n<p><\/tr>\n<tr>  <\/p>\n<td><font size=\"-1\">Restzuckergehalt<\/font><\/td>\n<p>  <\/p>\n<td><font size=\"-1\"><strong><\/strong><\/font><\/td>\n<p><\/tr>\n<p><\/p>\n<tr><\/p>\n<td><font size=\"-1\">Alkoholgehalt<\/font><\/td>\n<td><font size=\"-1\"><strong><\/strong><\/font><\/td>\n<p><\/tr>\n<p><\/p>\n<tr>\n<td><font size=\"-1\">Bio:<\/font><\/td>\n<td><font size=\"-1\"><strong>NEIN<\/strong><\/font><\/td>\n<\/tr>\n<p><\/p>\n<tr>\n<td><font size=\"-1\">vegan:<\/font><\/td>\n<td><font size=\"-1\"><strong>NEIN<\/strong><\/font><\/td>\n<\/tr>\n<p><\/p>\n<tr>\n<td><font size=\"-1\">enth\u00e4lt Allergene:<\/font><\/td>\n<td><font size=\"-1\"><strong>&#8211;<\/strong><\/font><\/td>\n<\/tr>\n<p><\/table>\n","protected":false},"excerpt":{"rendered":"<p>Pr\u00e4sentkarton 3 er inklusive Versandkarton und Gru\u00dfkarte Pr\u00e4sentverpackung f\u00fcr 3 Flaschen Wein, f\u00fcr die anspruchsvolle, sch\u00f6ne Gestaltung eines Weinpr\u00e4sentes Artikelnummer: 2625 Inhalt Preis\/Ltr. Weinart: Qualit&auml;tsstufe Rebsorte Restzuckergehalt Alkoholgehalt Bio: NEIN vegan: NEIN enth\u00e4lt Allergene: &#8211;<\/p>\n","protected":false},"featured_media":13304,"template":"","meta":[],"product_brand":[],"product_cat":[1278],"product_tag":[],"class_list":{"0":"post-13223","1":"product","2":"type-product","3":"status-publish","4":"has-post-thumbnail","6":"product_cat-praesentkartons","8":"first","9":"instock","10":"taxable","11":"shipping-taxable","12":"purchasable","13":"product-type-simple"},"_links":{"self":[{"href":"https:\/\/weingut-scholl.de\/catalog\/index.php?rest_route=\/wp\/v2\/product\/13223","targetHints":{"allow":["GET"]}}],"collection":[{"href":"https:\/\/weingut-scholl.de\/catalog\/index.php?rest_route=\/wp\/v2\/product"}],"about":[{"href":"https:\/\/weingut-scholl.de\/catalog\/index.php?rest_route=\/wp\/v2\/types\/product"}],"wp:featuredmedia":[{"embeddable":true,"href":"https:\/\/weingut-scholl.de\/catalog\/index.php?rest_route=\/wp\/v2\/media\/13304"}],"wp:attachment":[{"href":"https:\/\/weingut-scholl.de\/catalog\/index.php?rest_route=%2Fwp%2Fv2%2Fmedia&parent=13223"}],"wp:term":[{"taxonomy":"product_brand","embeddable":true,"href":"https:\/\/weingut-scholl.de\/catalog\/index.php?rest_route=%2Fwp%2Fv2%2Fproduct_brand&post=13223"},{"taxonomy":"product_cat","embeddable":true,"href":"https:\/\/weingut-scholl.de\/catalog\/index.php?rest_route=%2Fwp%2Fv2%2Fproduct_cat&post=13223"},{"taxonomy":"product_tag","embeddable":true,"href":"https:\/\/weingut-scholl.de\/catalog\/index.php?rest_route=%2Fwp%2Fv2%2Fproduct_tag&post=13223"}],"curies":[{"name":"wp","href":"https:\/\/api.w.org\/{rel}","templated":true}]}}