{"id":13725,"date":"2025-03-20T13:27:57","date_gmt":"2025-03-20T12:27:57","guid":{"rendered":"https:\/\/weingut-scholl.de\/catalog\/?product=2024er-molinero"},"modified":"2026-03-18T19:35:38","modified_gmt":"2026-03-18T18:35:38","slug":"2024er-molinero","status":"publish","type":"product","link":"https:\/\/weingut-scholl.de\/catalog\/?product=2024er-molinero","title":{"rendered":"<br>2024er  Molinero<br>"},"content":{"rendered":"\n<div align=\"left\"><font size=\"1\">2024er  Molinero<\/p>\n<p>        <font color=\"#666666\"><br \/><!-- IBGHTML --><STRONG><FONT size=\"4\">DE-\u00d6KO-039<BR><BR>ein Wein f\u00fcr Sommerabende: prickelnd, fruchtige Zitrusaromen, s\u00fcffig,&nbsp;passend auch zu Pastagerichten und&nbsp;Pizza<\/FONT><\/STRONG><\/font><\/p>\n<p><\/font><\/div>\n<table WIDTH=\"60%\" BORDER=\"0\" align=\"left\" CELLPADDING=\"0\" CELLSPACING=\"0\"><\/p>\n<tr><\/p>\n<td width=\"53%\"><font size=\"-1\">Artikelnummer:<\/font><\/td>\n<td width=\"47%\"><font size=\"-1\"><strong>2601<\/strong><\/font><\/td>\n<p><\/tr>\n<tr><\/p>\n<td><font size=\"-1\">Inhalt<\/font><\/td>\n<td><font size=\"-1\"><strong>0,75 Ltr.<\/strong><\/font><\/td>\n<p><\/tr>\n<tr ALIGN=\"LEFT\"><\/p>\n<td><font size=\"-1\">Preis\/Ltr.<\/font><\/td>\n<td><font size=\"-1\"><strong>6,53 EUR pro Ltr.<\/strong><\/font><\/td>\n<p><\/tr>\n<tr><\/p>\n<td><font size=\"-1\">Weinart:<\/font><\/td>\n<td><font size=\"-1\"><strong>Wei\u00dfwein<\/strong><\/font><\/td>\n<p><\/tr>\n<tr><\/p>\n<td><font size=\"-1\">Qualit&auml;tsstufe<\/font><\/td>\n<td><font size=\"-1\"><strong>Landwein<\/strong><\/font><\/td>\n<p><\/tr>\n<tr><\/p>\n<td><font size=\"-1\">Rebsorte<\/font><\/td>\n<td><font size=\"-1\"><strong>Helios<\/strong><\/font><\/td>\n<p><\/tr>\n<tr>  <\/p>\n<td><font size=\"-1\">Restzuckergehalt<\/font><\/td>\n<p>  <\/p>\n<td><font size=\"-1\"><strong>4,5 g\/Ltr.<\/strong><\/font><\/td>\n<p><\/tr>\n<p><\/p>\n<tr><\/p>\n<td><font size=\"-1\">Alkoholgehalt<\/font><\/td>\n<td><font size=\"-1\"><strong>11,0 Vol. %<\/strong><\/font><\/td>\n<p><\/tr>\n<p><\/p>\n<tr>\n<td><font size=\"-1\">Bio:<\/font><\/td>\n<td><font size=\"-1\"><strong>JA<\/strong><\/font><\/td>\n<\/tr>\n<p><\/p>\n<tr>\n<td><font size=\"-1\">vegan:<\/font><\/td>\n<td><font size=\"-1\"><strong>JA<\/strong><\/font><\/td>\n<\/tr>\n<p><\/p>\n<tr>\n<td><font size=\"-1\">enth\u00e4lt Allergene:<\/font><\/td>\n<td><font size=\"-1\"><strong>Antioxidantien: Sulfite<\/strong><\/font><\/td>\n<\/tr>\n<p><\/table>\n","protected":false},"excerpt":{"rendered":"<p>2024er Molinero DE-\u00d6KO-039ein Wein f\u00fcr Sommerabende: prickelnd, fruchtige Zitrusaromen, s\u00fcffig,&nbsp;passend auch zu Pastagerichten und&nbsp;Pizza Artikelnummer: 2601 Inhalt 0,75 Ltr. Preis\/Ltr. 6,53 EUR pro Ltr. Weinart: Wei\u00dfwein Qualit&auml;tsstufe Landwein Rebsorte Helios Restzuckergehalt 4,5 g\/Ltr. Alkoholgehalt 11,0 Vol. % Bio: JA vegan: JA enth\u00e4lt Allergene: Antioxidantien: Sulfite<\/p>\n","protected":false},"featured_media":13293,"template":"","meta":[],"product_brand":[],"product_cat":[1269],"product_tag":[],"class_list":{"0":"post-13725","1":"product","2":"type-product","3":"status-publish","4":"has-post-thumbnail","6":"product_cat-weissweine-moderne","8":"first","9":"instock","10":"taxable","11":"shipping-taxable","12":"purchasable","13":"product-type-simple"},"_links":{"self":[{"href":"https:\/\/weingut-scholl.de\/catalog\/index.php?rest_route=\/wp\/v2\/product\/13725","targetHints":{"allow":["GET"]}}],"collection":[{"href":"https:\/\/weingut-scholl.de\/catalog\/index.php?rest_route=\/wp\/v2\/product"}],"about":[{"href":"https:\/\/weingut-scholl.de\/catalog\/index.php?rest_route=\/wp\/v2\/types\/product"}],"wp:featuredmedia":[{"embeddable":true,"href":"https:\/\/weingut-scholl.de\/catalog\/index.php?rest_route=\/wp\/v2\/media\/13293"}],"wp:attachment":[{"href":"https:\/\/weingut-scholl.de\/catalog\/index.php?rest_route=%2Fwp%2Fv2%2Fmedia&parent=13725"}],"wp:term":[{"taxonomy":"product_brand","embeddable":true,"href":"https:\/\/weingut-scholl.de\/catalog\/index.php?rest_route=%2Fwp%2Fv2%2Fproduct_brand&post=13725"},{"taxonomy":"product_cat","embeddable":true,"href":"https:\/\/weingut-scholl.de\/catalog\/index.php?rest_route=%2Fwp%2Fv2%2Fproduct_cat&post=13725"},{"taxonomy":"product_tag","embeddable":true,"href":"https:\/\/weingut-scholl.de\/catalog\/index.php?rest_route=%2Fwp%2Fv2%2Fproduct_tag&post=13725"}],"curies":[{"name":"wp","href":"https:\/\/api.w.org\/{rel}","templated":true}]}}